{"id":15,"date":"2023-05-20T18:08:23","date_gmt":"2023-05-20T16:08:23","guid":{"rendered":"http:\/\/englishacademy.ketrzyn.pl\/?page_id=15"},"modified":"2025-03-10T08:48:23","modified_gmt":"2025-03-10T07:48:23","slug":"kontakt","status":"publish","type":"page","link":"https:\/\/englishacademy.ketrzyn.pl\/index.php\/kontakt\/","title":{"rendered":"Kontakt"},"content":{"rendered":"\n<p class=\"has-text-align-center has-medium-font-size\"><strong><mark style=\"background-color:rgba(0, 0, 0, 0)\" class=\"has-inline-color has-vivid-cyan-blue-color\">SZKO\u0141A J\u0118ZYKOWA ENGLISH ACADEMY<\/mark><\/strong><\/p>\n\n\n\n<p class=\"has-text-align-center\">UL. TRAUGUTTA 7 LOK. 223, 224, 225, 227<\/p>\n\n\n\n<p class=\"has-text-align-center\">K\u0118TRZYN<\/p>\n\n\n\n<p class=\"has-text-align-center\">TEL. +48&nbsp;531&nbsp;488&nbsp;600<\/p>\n\n\n\n<p class=\"has-text-align-center\">Adres e-mail: english.academy.ketrzyn@gmail.com<\/p>\n\n\n\n<div class=\"wp-block-group\"><div class=\"wp-block-group__inner-container is-layout-constrained wp-block-group-is-layout-constrained\"><\/div><\/div>\n\n\n\n<p><\/p>\n","protected":false},"excerpt":{"rendered":"<p>SZKO\u0141A J\u0118ZYKOWA ENGLISH ACADEMY UL. TRAUGUTTA 7 LOK. 223, 224, 225, 227 K\u0118TRZYN TEL. +48&nbsp;531&nbsp;488&nbsp;600 Adres e-mail: english.academy.ketrzyn@gmail.com<\/p>\n","protected":false},"author":1,"featured_media":0,"parent":0,"menu_order":0,"comment_status":"closed","ping_status":"closed","template":"","meta":{"footnotes":""},"class_list":{"0":"post-15","1":"page","2":"type-page","3":"status-publish","5":"entry"},"_links":{"self":[{"href":"https:\/\/englishacademy.ketrzyn.pl\/index.php\/wp-json\/wp\/v2\/pages\/15","targetHints":{"allow":["GET"]}}],"collection":[{"href":"https:\/\/englishacademy.ketrzyn.pl\/index.php\/wp-json\/wp\/v2\/pages"}],"about":[{"href":"https:\/\/englishacademy.ketrzyn.pl\/index.php\/wp-json\/wp\/v2\/types\/page"}],"author":[{"embeddable":true,"href":"https:\/\/englishacademy.ketrzyn.pl\/index.php\/wp-json\/wp\/v2\/users\/1"}],"replies":[{"embeddable":true,"href":"https:\/\/englishacademy.ketrzyn.pl\/index.php\/wp-json\/wp\/v2\/comments?post=15"}],"version-history":[{"count":5,"href":"https:\/\/englishacademy.ketrzyn.pl\/index.php\/wp-json\/wp\/v2\/pages\/15\/revisions"}],"predecessor-version":[{"id":301,"href":"https:\/\/englishacademy.ketrzyn.pl\/index.php\/wp-json\/wp\/v2\/pages\/15\/revisions\/301"}],"wp:attachment":[{"href":"https:\/\/englishacademy.ketrzyn.pl\/index.php\/wp-json\/wp\/v2\/media?parent=15"}],"curies":[{"name":"wp","href":"https:\/\/api.w.org\/{rel}","templated":true}]}}