{"id":23,"date":"2023-05-20T18:38:16","date_gmt":"2023-05-20T16:38:16","guid":{"rendered":"http:\/\/englishacademy.ketrzyn.pl\/?page_id=23"},"modified":"2026-04-19T08:05:08","modified_gmt":"2026-04-19T06:05:08","slug":"cennik","status":"publish","type":"page","link":"https:\/\/englishacademy.ketrzyn.pl\/index.php\/cennik\/","title":{"rendered":"Cennik"},"content":{"rendered":"\n<p class=\"has-text-align-center\"><strong>ROK SZKOLNY 2026\/27<\/strong><\/p>\n\n\n\n<div class=\"wp-block-group is-nowrap is-layout-flex wp-container-core-group-is-layout-ad2f72ca wp-block-group-is-layout-flex\">\n<div class=\"wp-block-group\"><div class=\"wp-block-group__inner-container is-layout-constrained wp-block-group-is-layout-constrained\">\n<div class=\"wp-block-columns is-layout-flex wp-container-core-columns-is-layout-9d6595d7 wp-block-columns-is-layout-flex\">\n<div class=\"wp-block-column is-layout-flow wp-block-column-is-layout-flow\" style=\"flex-basis:100%\"><\/div>\n<\/div>\n<\/div><\/div>\n\n\n\n<figure class=\"wp-block-table\"><table class=\"has-blush-light-purple-gradient-background has-background\"><tbody><tr><td class=\"has-text-align-center\" data-align=\"center\" colspan=\"5\"><strong>Kursy Teddy Eddie<\/strong> <strong>&nbsp;<\/strong><\/td><\/tr><tr><td class=\"has-text-align-center\" data-align=\"center\"><strong>Grupa<\/strong><strong><\/strong><\/td><td><strong>I rata<\/strong><strong><\/strong><\/td><td><strong>II-IX rata<\/strong><strong><\/strong><\/td><td><strong>Kwota za <\/strong><br><strong>ca\u0142y kurs<\/strong><\/td><td><strong>Ilo\u015b\u0107 spotka\u0144<\/strong> <\/td><\/tr><tr><td class=\"has-text-align-center\" data-align=\"center\"><strong>START 2-3 lata<\/strong><br><strong>(ROCZNIK 2023-2024)<\/strong><\/td><td>210 + 310 pakiet edukacyjny = 520 <\/td><td>210<\/td><td>2.410<\/td><td>60&#215;25 min.<\/td><\/tr><tr><td class=\"has-text-align-center\" data-align=\"center\"><strong>STANDARD 4-5 lat<\/strong><br><strong>(ROCZNIK 2021-2022)<\/strong><\/td><td>220 + 310 pakiet edukacyjny = 530 <\/td><td>220<\/td><td>2.510<\/td><td>60X35 min.<\/td><\/tr><tr><td class=\"has-text-align-center\" data-align=\"center\"><strong>ABC 6 lat<\/strong><br><strong>(ROCZNIK 2020)<\/strong><\/td><td>230 + 315 pakiet edukacyjny = 545 <\/td><td>230<\/td><td>2.615<\/td><td>60X45 min.<\/td><\/tr><tr><td class=\"has-text-align-center\" data-align=\"center\"><strong>SUPERHERO 7 lat<\/strong><br><strong>(ROCZNIK 2019)<\/strong><\/td><td>230 + 320 pakiet edukacyjny = 550<\/td><td>230<\/td><td>2.620<\/td><td>60X45 min.<\/td><\/tr><tr><td class=\"has-text-align-center\" data-align=\"center\" colspan=\"5\"><strong>Kursy dla dzieci i m\u0142odzie\u017cy<\/strong> <strong>&nbsp;<\/strong><\/td><\/tr><tr><td class=\"has-text-align-center\" data-align=\"center\"><strong>Grupa<\/strong><strong><\/strong><\/td><td colspan=\"2\"><strong>I-X rata<\/strong><strong><\/strong> <strong>&nbsp;<\/strong><\/td><td><strong>Kwota za ca\u0142y kurs<\/strong><strong><\/strong><\/td><td><strong>Ilo\u015b\u0107 spotka\u0144<\/strong><strong><\/strong><\/td><\/tr><tr><td class=\"has-text-align-center\" data-align=\"center\"><strong>JUNIOR 2-3<\/strong><\/td><td colspan=\"2\">240<\/td><td>2.400<\/td><td>68&#215;60 min.<\/td><\/tr><tr><td class=\"has-text-align-center\" data-align=\"center\"><strong>TEEN 4-8<\/strong><\/td><td colspan=\"2\">240<\/td><td>2.400<\/td><td>68&#215;60 min.<\/td><\/tr><tr><td class=\"has-text-align-center\" data-align=\"center\"><strong>SZKO\u0141A \u015aREDNIA<\/strong><\/td><td colspan=\"2\">240<\/td><td>2.400<\/td><td>68X60 min.<\/td><\/tr><tr><td class=\"has-text-align-center\" data-align=\"center\"><strong>MATURA<\/strong><\/td><td colspan=\"2\">240<\/td><td>1.920<\/td><td>55&#215;60 min.<\/td><\/tr><tr><td class=\"has-text-align-center\" data-align=\"center\" colspan=\"5\"><strong>Kurs dla doros\u0142ych i m\u0142odzie\u017cy<\/strong><strong><\/strong> <strong>&nbsp;<\/strong><\/td><\/tr><tr><td class=\"has-text-align-center\" data-align=\"center\"><strong>Grupa<\/strong><strong><\/strong><\/td><td colspan=\"2\"><strong>I-X rata<\/strong><strong><\/strong><\/td><td><strong>Kwota za ca\u0142y kurs<\/strong><strong><\/strong><\/td><td><strong>Ilo\u015b\u0107 spotka\u0144<\/strong><strong><\/strong><\/td><\/tr><tr><td class=\"has-text-align-center\" data-align=\"center\"><strong>ADULT 1-4<\/strong><\/td><td colspan=\"2\">280<\/td><td>2.800<\/td><td>68&#215;60 min.<\/td><\/tr><tr><td class=\"has-text-align-center\" data-align=\"center\"><strong>HISZPA\u0143SKI<\/strong> <strong>&#8211; DZIECI                      I M\u0141ODZIE\u017b<\/strong><br><strong>HISZPA\u0143SKI &#8211; DORO\u015aLI <\/strong><\/td><td colspan=\"2\">320<br><br>350<\/td><td>3.200<br><br>3.500<\/td><td>68&#215;60 min.<\/td><\/tr><\/tbody><\/table><\/figure>\n<\/div>\n\n\n\n<p><\/p>\n","protected":false},"excerpt":{"rendered":"<p>ROK SZKOLNY 2026\/27 Kursy Teddy Eddie &nbsp; Grupa I rata II-IX rata Kwota za ca\u0142y kurs Ilo\u015b\u0107 spotka\u0144 START 2-3 lata(ROCZNIK 2023-2024) 210 + 310 pakiet edukacyjny = 520 210 2.410 60&#215;25 min. STANDARD 4-5 lat(ROCZNIK 2021-2022) 220 + 310 pakiet edukacyjny = 530 220 2.510 60X35 min. ABC 6 lat(ROCZNIK 2020) 230 + 315&hellip; <span class=\"kuorinka-read-more\"><a href=\"https:\/\/englishacademy.ketrzyn.pl\/index.php\/cennik\/\" class=\"more-link\">Czytaj dalej <span class=\"screen-reader-text\">Cennik<\/span><\/a><\/span><\/p>\n","protected":false},"author":1,"featured_media":0,"parent":0,"menu_order":0,"comment_status":"closed","ping_status":"closed","template":"","meta":{"footnotes":""},"class_list":{"0":"post-23","1":"page","2":"type-page","3":"status-publish","5":"entry"},"_links":{"self":[{"href":"https:\/\/englishacademy.ketrzyn.pl\/index.php\/wp-json\/wp\/v2\/pages\/23","targetHints":{"allow":["GET"]}}],"collection":[{"href":"https:\/\/englishacademy.ketrzyn.pl\/index.php\/wp-json\/wp\/v2\/pages"}],"about":[{"href":"https:\/\/englishacademy.ketrzyn.pl\/index.php\/wp-json\/wp\/v2\/types\/page"}],"author":[{"embeddable":true,"href":"https:\/\/englishacademy.ketrzyn.pl\/index.php\/wp-json\/wp\/v2\/users\/1"}],"replies":[{"embeddable":true,"href":"https:\/\/englishacademy.ketrzyn.pl\/index.php\/wp-json\/wp\/v2\/comments?post=23"}],"version-history":[{"count":10,"href":"https:\/\/englishacademy.ketrzyn.pl\/index.php\/wp-json\/wp\/v2\/pages\/23\/revisions"}],"predecessor-version":[{"id":669,"href":"https:\/\/englishacademy.ketrzyn.pl\/index.php\/wp-json\/wp\/v2\/pages\/23\/revisions\/669"}],"wp:attachment":[{"href":"https:\/\/englishacademy.ketrzyn.pl\/index.php\/wp-json\/wp\/v2\/media?parent=23"}],"curies":[{"name":"wp","href":"https:\/\/api.w.org\/{rel}","templated":true}]}}