{"id":255,"date":"2025-03-05T10:48:00","date_gmt":"2025-03-05T09:48:00","guid":{"rendered":"http:\/\/englishacademy.ketrzyn.pl\/?page_id=255"},"modified":"2025-03-05T11:36:52","modified_gmt":"2025-03-05T10:36:52","slug":"akredytowane-centrum-metody-teddy-eddie","status":"publish","type":"page","link":"https:\/\/englishacademy.ketrzyn.pl\/index.php\/akredytowane-centrum-metody-teddy-eddie\/","title":{"rendered":"Akredytowane Centrum Metody Teddy Eddie"},"content":{"rendered":"\n<h2 class=\"wp-block-heading has-large-font-size\">Co to za metoda?<\/h2>\n\n\n\n<p><strong>Teddy Eddie<\/strong> to&nbsp;idealne rozwi\u0105zanie dla&nbsp;rodzic\u00f3w <strong>dzieci w&nbsp;wieku 2 do&nbsp;7 lat<\/strong>, poszukuj\u0105cych metody nauczania, kt\u00f3ra sprawi, \u017ce&nbsp;ich&nbsp;pociechy polubi\u0105 j\u0119zyk angielski. Proponujemy przemy\u015blane rozwi\u0105zania metodyczne i&nbsp;nowoczesne formy pracy na&nbsp;zaj\u0119ciach, poparte ciekawe materia\u0142ami edukacyjnymi. Jednocze\u015bnie gwarantujemy wysok\u0105 skuteczno\u015b\u0107 nauki, kt\u00f3ra dzi\u0119ki naszej metodzie staje si\u0119&nbsp;przyjemno\u015bci\u0105!<\/p>\n\n\n\n<p>G\u0142\u00f3wnym za\u0142o\u017ceniem tej metody jest&nbsp;<strong>uczenie dzieci j\u0119zyka poprzez \u015bwietn\u0105 zabaw\u0119<\/strong>. Zaj\u0119cia prowadzone s\u0105 niemal wy\u0142\u0105cznie w j\u0119zyku angielskim i obejmuj\u0105 mi\u0119dzy innymi gry, zabawy ruchowe, \u015bpiewanie piosenek, opowiadanie ciekawych bajek, a tak\u017ce s\u0142uchowiska i karty obrazkowe. <\/p>\n\n\n\n<h2 class=\"wp-block-heading has-large-font-size\">Na czym polega kurs?<\/h2>\n\n\n\n<p>Teddy Eddie stawia na&nbsp;komunikacj\u0119. Zaj\u0119cia s\u0105&nbsp;tak&nbsp;organizowane, aby dzieci mia\u0142y szans\u0119 przyswoi\u0107 wiele element\u00f3w j\u0119zyka obcego w&nbsp;podobny spos\u00f3b, jak&nbsp;uczy\u0142y si\u0119&nbsp;mowy ojczystej. Angielski traktowany jest na&nbsp;zaj\u0119ciach jako \u015brodek do&nbsp;komunikowania si\u0119&nbsp;tak\u017ce w&nbsp;poleceniach i&nbsp;instrukcjach.<\/p>\n\n\n\n<p>Dzi\u0119ki wielokrotnemu powtarzaniu i&nbsp;utrwalaniu materia\u0142u mali kursanci wykszta\u0142caj\u0105 nawyki j\u0119zykowe. Wzmacnianie przekazywanej tre\u015bci ruchem i&nbsp;gestem sprzyja lepszemu zrozumieniu i&nbsp;zapami\u0119tywaniu. W&nbsp;dodatku jest to&nbsp;te\u017c forma zabawy, w&nbsp;kt\u00f3r\u0105 dzieci ch\u0119tnie si\u0119&nbsp;anga\u017cuj\u0105, a&nbsp;to&nbsp;r\u00f3wnie\u017c przek\u0142ada si\u0119&nbsp;na&nbsp;lepsze efekty nauczania.<\/p>\n\n\n\n<h2 class=\"wp-block-heading has-large-font-size\">Co wyr\u00f3\u017cnia metod\u0119 Teddy Eddie?<\/h2>\n\n\n\n<h3 class=\"wp-block-heading\">Przyjazna forma zaj\u0119\u0107<\/h3>\n\n\n\n<p>Dzieci poznaj\u0105 j\u0119zyk w&nbsp;pozytywnej atmosferze, o&nbsp;kt\u00f3r\u0105 dba lektor przy pomocy maskotki: psotnego misia <strong>Teddy Eddie<\/strong>.<\/p>\n\n\n\n<h3 class=\"wp-block-heading\">Naturalne podej\u015bcie<\/h3>\n\n\n\n<p>J\u0119zyk angielski jest nauczany przy zastosowaniu metod uwzgl\u0119dniaj\u0105cych potrzeby kursant\u00f3w i&nbsp;przypominaj\u0105cych proces przyswajanie j\u0119zyka ojczystego.<\/p>\n\n\n\n<h3 class=\"wp-block-heading\">Efektywno\u015b\u0107<\/h3>\n\n\n\n<p>Zaj\u0119cia s\u0105&nbsp;prowadzone w&nbsp; j\u0119zyku angielskim, a&nbsp;proponowane zabawy odzwierciedlaj\u0105 praktyczne sytuacje komunikacyjne. Pozwala to&nbsp;na&nbsp;przyswajanie j\u0119zyka w&nbsp;kontek\u015bcie i&nbsp;efektywn\u0105 nauk\u0119.<\/p>\n\n\n\n<h3 class=\"wp-block-heading\">Innowacyjno\u015b\u0107<\/h3>\n\n\n\n<p><strong>Teddy Eddie<\/strong> zosta\u0142 uznany za&nbsp;jeden z&nbsp;najbardziej innowacyjnych kurs\u00f3w na&nbsp;\u015bwiecie i&nbsp;zosta\u0142 nominowany do&nbsp;<strong>mi\u0119dzynarodowej nagrody ELTons!<\/strong><\/p>\n\n\n\n<p>Obserwuj nas na FB: <strong>Teddy Eddie<\/strong><a href=\"http:\/\/view-source:https:\/\/www.facebook.com\/profile.php?id=61566561986982\">http:\/\/view-source:https:\/\/www.facebook.com\/profile.php?id=61566561986982<\/a><strong> K\u0119trzyn<\/strong><\/p>\n\n\n\n<figure class=\"wp-block-image size-full\"><img loading=\"lazy\" decoding=\"async\" width=\"940\" height=\"940\" src=\"http:\/\/englishacademy.ketrzyn.pl\/wp-content\/uploads\/2025\/03\/441927897_490631140151909_655620308558427252_n.jpg\" alt=\"\" class=\"wp-image-279\" srcset=\"https:\/\/englishacademy.ketrzyn.pl\/wp-content\/uploads\/2025\/03\/441927897_490631140151909_655620308558427252_n.jpg 940w, https:\/\/englishacademy.ketrzyn.pl\/wp-content\/uploads\/2025\/03\/441927897_490631140151909_655620308558427252_n-300x300.jpg 300w, https:\/\/englishacademy.ketrzyn.pl\/wp-content\/uploads\/2025\/03\/441927897_490631140151909_655620308558427252_n-150x150.jpg 150w, https:\/\/englishacademy.ketrzyn.pl\/wp-content\/uploads\/2025\/03\/441927897_490631140151909_655620308558427252_n-768x768.jpg 768w, https:\/\/englishacademy.ketrzyn.pl\/wp-content\/uploads\/2025\/03\/441927897_490631140151909_655620308558427252_n-250x250.jpg 250w\" sizes=\"auto, (max-width: 940px) 100vw, 940px\" \/><\/figure>\n\n\n\n<figure class=\"wp-block-image size-large is-resized\"><img loading=\"lazy\" decoding=\"async\" width=\"768\" height=\"1024\" src=\"http:\/\/englishacademy.ketrzyn.pl\/wp-content\/uploads\/2025\/03\/463334866_122111863034552066_9133752804557781033_n-768x1024.jpg\" alt=\"\" class=\"wp-image-277\" style=\"width:840px;height:auto\" srcset=\"https:\/\/englishacademy.ketrzyn.pl\/wp-content\/uploads\/2025\/03\/463334866_122111863034552066_9133752804557781033_n-768x1024.jpg 768w, https:\/\/englishacademy.ketrzyn.pl\/wp-content\/uploads\/2025\/03\/463334866_122111863034552066_9133752804557781033_n-225x300.jpg 225w, https:\/\/englishacademy.ketrzyn.pl\/wp-content\/uploads\/2025\/03\/463334866_122111863034552066_9133752804557781033_n-1152x1536.jpg 1152w, https:\/\/englishacademy.ketrzyn.pl\/wp-content\/uploads\/2025\/03\/463334866_122111863034552066_9133752804557781033_n.jpg 1536w\" sizes=\"auto, (max-width: 768px) 100vw, 768px\" \/><\/figure>\n\n\n\n<figure class=\"wp-block-image size-large is-resized\"><img loading=\"lazy\" decoding=\"async\" width=\"768\" height=\"1024\" src=\"http:\/\/englishacademy.ketrzyn.pl\/wp-content\/uploads\/2025\/03\/463608930_122112341972552066_7483388737835084023_n-1-768x1024.jpg\" alt=\"\" class=\"wp-image-276\" style=\"width:840px;height:auto\" srcset=\"https:\/\/englishacademy.ketrzyn.pl\/wp-content\/uploads\/2025\/03\/463608930_122112341972552066_7483388737835084023_n-1-768x1024.jpg 768w, https:\/\/englishacademy.ketrzyn.pl\/wp-content\/uploads\/2025\/03\/463608930_122112341972552066_7483388737835084023_n-1-225x300.jpg 225w, https:\/\/englishacademy.ketrzyn.pl\/wp-content\/uploads\/2025\/03\/463608930_122112341972552066_7483388737835084023_n-1-1152x1536.jpg 1152w, https:\/\/englishacademy.ketrzyn.pl\/wp-content\/uploads\/2025\/03\/463608930_122112341972552066_7483388737835084023_n-1.jpg 1536w\" sizes=\"auto, (max-width: 768px) 100vw, 768px\" \/><\/figure>\n\n\n\n<figure class=\"wp-block-image size-large is-resized\"><img loading=\"lazy\" decoding=\"async\" width=\"768\" height=\"1024\" src=\"http:\/\/englishacademy.ketrzyn.pl\/wp-content\/uploads\/2025\/03\/254bc78b-d29e-4824-983b-42f7d15e6cdc-1-768x1024.jpeg\" alt=\"\" class=\"wp-image-275\" style=\"width:840px;height:auto\" srcset=\"https:\/\/englishacademy.ketrzyn.pl\/wp-content\/uploads\/2025\/03\/254bc78b-d29e-4824-983b-42f7d15e6cdc-1-768x1024.jpeg 768w, https:\/\/englishacademy.ketrzyn.pl\/wp-content\/uploads\/2025\/03\/254bc78b-d29e-4824-983b-42f7d15e6cdc-1-225x300.jpeg 225w, https:\/\/englishacademy.ketrzyn.pl\/wp-content\/uploads\/2025\/03\/254bc78b-d29e-4824-983b-42f7d15e6cdc-1-1152x1536.jpeg 1152w, https:\/\/englishacademy.ketrzyn.pl\/wp-content\/uploads\/2025\/03\/254bc78b-d29e-4824-983b-42f7d15e6cdc-1.jpeg 1536w\" sizes=\"auto, (max-width: 768px) 100vw, 768px\" \/><\/figure>\n\n\n\n<figure class=\"wp-block-image size-large is-resized\"><img loading=\"lazy\" decoding=\"async\" width=\"768\" height=\"1024\" src=\"http:\/\/englishacademy.ketrzyn.pl\/wp-content\/uploads\/2025\/03\/3ff5d950-4b74-4ed8-9e77-cb8f967ef8b8-768x1024.jpeg\" alt=\"\" class=\"wp-image-273\" style=\"width:840px;height:auto\" srcset=\"https:\/\/englishacademy.ketrzyn.pl\/wp-content\/uploads\/2025\/03\/3ff5d950-4b74-4ed8-9e77-cb8f967ef8b8-768x1024.jpeg 768w, https:\/\/englishacademy.ketrzyn.pl\/wp-content\/uploads\/2025\/03\/3ff5d950-4b74-4ed8-9e77-cb8f967ef8b8-225x300.jpeg 225w, https:\/\/englishacademy.ketrzyn.pl\/wp-content\/uploads\/2025\/03\/3ff5d950-4b74-4ed8-9e77-cb8f967ef8b8-1152x1536.jpeg 1152w, https:\/\/englishacademy.ketrzyn.pl\/wp-content\/uploads\/2025\/03\/3ff5d950-4b74-4ed8-9e77-cb8f967ef8b8.jpeg 1536w\" sizes=\"auto, (max-width: 768px) 100vw, 768px\" \/><\/figure>\n\n\n\n<figure class=\"wp-block-gallery has-nested-images columns-default is-cropped wp-block-gallery-1 is-layout-flex wp-block-gallery-is-layout-flex\">\n<figure class=\"wp-block-image size-large\"><img loading=\"lazy\" decoding=\"async\" width=\"768\" height=\"1024\" data-id=\"270\" src=\"http:\/\/englishacademy.ketrzyn.pl\/wp-content\/uploads\/2025\/03\/463663861_122112342464552066_1022732787942853677_n-1-768x1024.jpg\" alt=\"\" class=\"wp-image-270\" srcset=\"https:\/\/englishacademy.ketrzyn.pl\/wp-content\/uploads\/2025\/03\/463663861_122112342464552066_1022732787942853677_n-1-768x1024.jpg 768w, https:\/\/englishacademy.ketrzyn.pl\/wp-content\/uploads\/2025\/03\/463663861_122112342464552066_1022732787942853677_n-1-225x300.jpg 225w, https:\/\/englishacademy.ketrzyn.pl\/wp-content\/uploads\/2025\/03\/463663861_122112342464552066_1022732787942853677_n-1-1152x1536.jpg 1152w, https:\/\/englishacademy.ketrzyn.pl\/wp-content\/uploads\/2025\/03\/463663861_122112342464552066_1022732787942853677_n-1.jpg 1536w\" sizes=\"auto, (max-width: 768px) 100vw, 768px\" \/><\/figure>\n<\/figure>\n\n\n\n<figure class=\"wp-block-gallery has-nested-images columns-default is-cropped wp-block-gallery-2 is-layout-flex wp-block-gallery-is-layout-flex\">\n<figure class=\"wp-block-image size-large\"><img loading=\"lazy\" decoding=\"async\" width=\"768\" height=\"1024\" data-id=\"263\" src=\"http:\/\/englishacademy.ketrzyn.pl\/wp-content\/uploads\/2025\/03\/e17d14c0-e2f4-40d4-8c73-9c0bc7a11a41-768x1024.jpeg\" alt=\"\" class=\"wp-image-263\" srcset=\"https:\/\/englishacademy.ketrzyn.pl\/wp-content\/uploads\/2025\/03\/e17d14c0-e2f4-40d4-8c73-9c0bc7a11a41-768x1024.jpeg 768w, https:\/\/englishacademy.ketrzyn.pl\/wp-content\/uploads\/2025\/03\/e17d14c0-e2f4-40d4-8c73-9c0bc7a11a41-225x300.jpeg 225w, https:\/\/englishacademy.ketrzyn.pl\/wp-content\/uploads\/2025\/03\/e17d14c0-e2f4-40d4-8c73-9c0bc7a11a41-1152x1536.jpeg 1152w, https:\/\/englishacademy.ketrzyn.pl\/wp-content\/uploads\/2025\/03\/e17d14c0-e2f4-40d4-8c73-9c0bc7a11a41.jpeg 1536w\" sizes=\"auto, (max-width: 768px) 100vw, 768px\" \/><\/figure>\n<\/figure>\n\n\n\n<figure class=\"wp-block-image size-large is-resized\"><img loading=\"lazy\" decoding=\"async\" width=\"576\" height=\"1024\" src=\"http:\/\/englishacademy.ketrzyn.pl\/wp-content\/uploads\/2025\/03\/448528468_3971621686497563_4591138529430512163_n-576x1024.jpg\" alt=\"\" class=\"wp-image-261\" style=\"width:840px;height:auto\" srcset=\"https:\/\/englishacademy.ketrzyn.pl\/wp-content\/uploads\/2025\/03\/448528468_3971621686497563_4591138529430512163_n-576x1024.jpg 576w, https:\/\/englishacademy.ketrzyn.pl\/wp-content\/uploads\/2025\/03\/448528468_3971621686497563_4591138529430512163_n-169x300.jpg 169w, https:\/\/englishacademy.ketrzyn.pl\/wp-content\/uploads\/2025\/03\/448528468_3971621686497563_4591138529430512163_n-768x1365.jpg 768w, https:\/\/englishacademy.ketrzyn.pl\/wp-content\/uploads\/2025\/03\/448528468_3971621686497563_4591138529430512163_n-864x1536.jpg 864w, https:\/\/englishacademy.ketrzyn.pl\/wp-content\/uploads\/2025\/03\/448528468_3971621686497563_4591138529430512163_n.jpg 900w\" sizes=\"auto, (max-width: 576px) 100vw, 576px\" \/><\/figure>\n\n\n\n<figure class=\"wp-block-image size-large\"><img loading=\"lazy\" decoding=\"async\" width=\"1024\" height=\"768\" src=\"http:\/\/englishacademy.ketrzyn.pl\/wp-content\/uploads\/2025\/03\/448499766_1536073487010163_2451938810662043510_n-1-1024x768.jpg\" alt=\"\" class=\"wp-image-272\" srcset=\"https:\/\/englishacademy.ketrzyn.pl\/wp-content\/uploads\/2025\/03\/448499766_1536073487010163_2451938810662043510_n-1-1024x768.jpg 1024w, https:\/\/englishacademy.ketrzyn.pl\/wp-content\/uploads\/2025\/03\/448499766_1536073487010163_2451938810662043510_n-1-300x225.jpg 300w, https:\/\/englishacademy.ketrzyn.pl\/wp-content\/uploads\/2025\/03\/448499766_1536073487010163_2451938810662043510_n-1-768x576.jpg 768w, https:\/\/englishacademy.ketrzyn.pl\/wp-content\/uploads\/2025\/03\/448499766_1536073487010163_2451938810662043510_n-1.jpg 1170w\" sizes=\"auto, (max-width: 1024px) 100vw, 1024px\" \/><\/figure>\n\n\n\n<figure class=\"wp-block-image size-large is-resized\"><img loading=\"lazy\" decoding=\"async\" width=\"768\" height=\"1024\" src=\"http:\/\/englishacademy.ketrzyn.pl\/wp-content\/uploads\/2025\/03\/eca209ea-37a0-49d5-af38-7448fb5ef56f-768x1024.jpeg\" alt=\"\" class=\"wp-image-262\" style=\"width:840px;height:auto\" srcset=\"https:\/\/englishacademy.ketrzyn.pl\/wp-content\/uploads\/2025\/03\/eca209ea-37a0-49d5-af38-7448fb5ef56f-768x1024.jpeg 768w, https:\/\/englishacademy.ketrzyn.pl\/wp-content\/uploads\/2025\/03\/eca209ea-37a0-49d5-af38-7448fb5ef56f-225x300.jpeg 225w, https:\/\/englishacademy.ketrzyn.pl\/wp-content\/uploads\/2025\/03\/eca209ea-37a0-49d5-af38-7448fb5ef56f-1152x1536.jpeg 1152w, https:\/\/englishacademy.ketrzyn.pl\/wp-content\/uploads\/2025\/03\/eca209ea-37a0-49d5-af38-7448fb5ef56f.jpeg 1536w\" sizes=\"auto, (max-width: 768px) 100vw, 768px\" \/><\/figure>\n\n\n\n<p><\/p>\n","protected":false},"excerpt":{"rendered":"<p>Co to za metoda? Teddy Eddie to&nbsp;idealne rozwi\u0105zanie dla&nbsp;rodzic\u00f3w dzieci w&nbsp;wieku 2 do&nbsp;7 lat, poszukuj\u0105cych metody nauczania, kt\u00f3ra sprawi, \u017ce&nbsp;ich&nbsp;pociechy polubi\u0105 j\u0119zyk angielski. Proponujemy przemy\u015blane rozwi\u0105zania metodyczne i&nbsp;nowoczesne formy pracy na&nbsp;zaj\u0119ciach, poparte ciekawe materia\u0142ami edukacyjnymi. Jednocze\u015bnie gwarantujemy wysok\u0105 skuteczno\u015b\u0107 nauki, kt\u00f3ra dzi\u0119ki naszej metodzie staje si\u0119&nbsp;przyjemno\u015bci\u0105! G\u0142\u00f3wnym za\u0142o\u017ceniem tej metody jest&nbsp;uczenie dzieci j\u0119zyka poprzez \u015bwietn\u0105&hellip; <span class=\"kuorinka-read-more\"><a href=\"https:\/\/englishacademy.ketrzyn.pl\/index.php\/akredytowane-centrum-metody-teddy-eddie\/\" class=\"more-link\">Czytaj dalej <span class=\"screen-reader-text\">Akredytowane Centrum Metody Teddy Eddie<\/span><\/a><\/span><\/p>\n","protected":false},"author":1,"featured_media":0,"parent":0,"menu_order":0,"comment_status":"closed","ping_status":"closed","template":"","meta":{"footnotes":""},"class_list":{"0":"post-255","1":"page","2":"type-page","3":"status-publish","5":"entry"},"_links":{"self":[{"href":"https:\/\/englishacademy.ketrzyn.pl\/index.php\/wp-json\/wp\/v2\/pages\/255","targetHints":{"allow":["GET"]}}],"collection":[{"href":"https:\/\/englishacademy.ketrzyn.pl\/index.php\/wp-json\/wp\/v2\/pages"}],"about":[{"href":"https:\/\/englishacademy.ketrzyn.pl\/index.php\/wp-json\/wp\/v2\/types\/page"}],"author":[{"embeddable":true,"href":"https:\/\/englishacademy.ketrzyn.pl\/index.php\/wp-json\/wp\/v2\/users\/1"}],"replies":[{"embeddable":true,"href":"https:\/\/englishacademy.ketrzyn.pl\/index.php\/wp-json\/wp\/v2\/comments?post=255"}],"version-history":[{"count":7,"href":"https:\/\/englishacademy.ketrzyn.pl\/index.php\/wp-json\/wp\/v2\/pages\/255\/revisions"}],"predecessor-version":[{"id":293,"href":"https:\/\/englishacademy.ketrzyn.pl\/index.php\/wp-json\/wp\/v2\/pages\/255\/revisions\/293"}],"wp:attachment":[{"href":"https:\/\/englishacademy.ketrzyn.pl\/index.php\/wp-json\/wp\/v2\/media?parent=255"}],"curies":[{"name":"wp","href":"https:\/\/api.w.org\/{rel}","templated":true}]}}