{"id":332,"date":"2025-03-10T22:01:48","date_gmt":"2025-03-10T21:01:48","guid":{"rendered":"http:\/\/englishacademy.ketrzyn.pl\/?page_id=332"},"modified":"2026-02-18T12:54:53","modified_gmt":"2026-02-18T11:54:53","slug":"rekrutacja-2025-26-2","status":"publish","type":"page","link":"https:\/\/englishacademy.ketrzyn.pl\/index.php\/rekrutacja-2025-26-2\/","title":{"rendered":"Rekrutacja 2026\/27"},"content":{"rendered":"\n<p>W celu zapisania si\u0119 na prowadzone przez ENGLISH ACADEMY K\u0118TRZYN kursy nale\u017cy:<\/p>\n\n\n\n<ol class=\"wp-block-list\">\n<li>Pobra\u0107 odpowiedni\u0105 deklaracj\u0119.<\/li>\n\n\n\n<li>Wype\u0142ni\u0107 wszystkie pola.<\/li>\n\n\n\n<li>Zapisa\u0107 plik.<\/li>\n\n\n\n<li>Odes\u0142a\u0107 plik z deklaracj\u0105 na adres mailowy szko\u0142y: <strong>english.academy.ketrzyn@gmail.com<\/strong><\/li>\n\n\n\n<li>Po otrzymaniu deklaracji Szko\u0142a skontaktuje si\u0119 Pa\u0144stwem w celu ustalenia terminu podpisania umowy.<\/li>\n<\/ol>\n\n\n\n<div class=\"wp-block-file\"><a id=\"wp-block-file--media-394cdd96-50eb-4863-b5fb-6e848035d7ab\" href=\"http:\/\/englishacademy.ketrzyn.pl\/wp-content\/uploads\/2026\/02\/Deklaracja-dla-dzieci-angielski-2026-27.doc\">Deklaracja dla dzieci &#8211; angielski 2026-27<\/a><a href=\"http:\/\/englishacademy.ketrzyn.pl\/wp-content\/uploads\/2026\/02\/Deklaracja-dla-dzieci-angielski-2026-27.doc\" class=\"wp-block-file__button wp-element-button\" download aria-describedby=\"wp-block-file--media-394cdd96-50eb-4863-b5fb-6e848035d7ab\">Pobierz <\/a><\/div>\n\n\n\n<div class=\"wp-block-file\"><a id=\"wp-block-file--media-4b97389c-ecce-4cb4-83ce-746e47428596\" href=\"http:\/\/englishacademy.ketrzyn.pl\/wp-content\/uploads\/2026\/02\/Deklaracja-dla-dzieci-hiszpanski-2026-27.doc\">Deklaracja dla dzieci &#8211; hiszpa\u0144ski 2026-27<\/a><a href=\"http:\/\/englishacademy.ketrzyn.pl\/wp-content\/uploads\/2026\/02\/Deklaracja-dla-dzieci-hiszpanski-2026-27.doc\" class=\"wp-block-file__button wp-element-button\" download aria-describedby=\"wp-block-file--media-4b97389c-ecce-4cb4-83ce-746e47428596\">Pobierz<\/a><\/div>\n\n\n\n<div class=\"wp-block-file\"><a id=\"wp-block-file--media-c4dc4ea8-53c0-4c27-ac6f-28aa11d1f302\" href=\"http:\/\/englishacademy.ketrzyn.pl\/wp-content\/uploads\/2026\/02\/Deklaracja-dla-doroslych-angielski-2026-27.doc\">Deklaracja dla doros\u0142ych &#8211; angielski 2026-27<\/a><a href=\"http:\/\/englishacademy.ketrzyn.pl\/wp-content\/uploads\/2026\/02\/Deklaracja-dla-doroslych-angielski-2026-27.doc\" class=\"wp-block-file__button wp-element-button\" download aria-describedby=\"wp-block-file--media-c4dc4ea8-53c0-4c27-ac6f-28aa11d1f302\">Pobierz<\/a><\/div>\n\n\n\n<div class=\"wp-block-file\"><a id=\"wp-block-file--media-bae2540f-3262-4d01-92f0-e9d1e99de1a0\" href=\"http:\/\/englishacademy.ketrzyn.pl\/wp-content\/uploads\/2026\/02\/Deklaracja-dla-doroslych-hiszpanski-2026-27.doc\">Deklaracja dla doros\u0142ych &#8211; hiszpa\u0144ski 2026-27<\/a><a href=\"http:\/\/englishacademy.ketrzyn.pl\/wp-content\/uploads\/2026\/02\/Deklaracja-dla-doroslych-hiszpanski-2026-27.doc\" class=\"wp-block-file__button wp-element-button\" download aria-describedby=\"wp-block-file--media-bae2540f-3262-4d01-92f0-e9d1e99de1a0\">Pobierz<\/a><\/div>\n\n\n\n<div class=\"wp-block-file\"><a id=\"wp-block-file--media-f917726d-f50e-46e6-b0fb-0a71a38c255b\" href=\"http:\/\/englishacademy.ketrzyn.pl\/wp-content\/uploads\/2026\/02\/Deklaracja-dla-dzieci-2-7-lat-TEDDY-EDDIE-2026-27.doc\">Deklaracja dla dzieci 2-7 lat TEDDY EDDIE 2026-27<\/a><a href=\"http:\/\/englishacademy.ketrzyn.pl\/wp-content\/uploads\/2026\/02\/Deklaracja-dla-dzieci-2-7-lat-TEDDY-EDDIE-2026-27.doc\" class=\"wp-block-file__button wp-element-button\" download aria-describedby=\"wp-block-file--media-f917726d-f50e-46e6-b0fb-0a71a38c255b\">Pobierz<\/a><\/div>\n\n\n\n<p>ZAPRASZAMY <\/p>\n\n\n\n<p>Zesp\u00f3\u0142 lektorski ENGLISH ACADEMY K\u0118TRZYN<\/p>\n\n\n\n<p><\/p>\n","protected":false},"excerpt":{"rendered":"<p>W celu zapisania si\u0119 na prowadzone przez ENGLISH ACADEMY K\u0118TRZYN kursy nale\u017cy: ZAPRASZAMY Zesp\u00f3\u0142 lektorski ENGLISH ACADEMY K\u0118TRZYN<\/p>\n","protected":false},"author":1,"featured_media":0,"parent":0,"menu_order":0,"comment_status":"closed","ping_status":"closed","template":"","meta":{"footnotes":""},"class_list":{"0":"post-332","1":"page","2":"type-page","3":"status-publish","5":"entry"},"_links":{"self":[{"href":"https:\/\/englishacademy.ketrzyn.pl\/index.php\/wp-json\/wp\/v2\/pages\/332","targetHints":{"allow":["GET"]}}],"collection":[{"href":"https:\/\/englishacademy.ketrzyn.pl\/index.php\/wp-json\/wp\/v2\/pages"}],"about":[{"href":"https:\/\/englishacademy.ketrzyn.pl\/index.php\/wp-json\/wp\/v2\/types\/page"}],"author":[{"embeddable":true,"href":"https:\/\/englishacademy.ketrzyn.pl\/index.php\/wp-json\/wp\/v2\/users\/1"}],"replies":[{"embeddable":true,"href":"https:\/\/englishacademy.ketrzyn.pl\/index.php\/wp-json\/wp\/v2\/comments?post=332"}],"version-history":[{"count":11,"href":"https:\/\/englishacademy.ketrzyn.pl\/index.php\/wp-json\/wp\/v2\/pages\/332\/revisions"}],"predecessor-version":[{"id":494,"href":"https:\/\/englishacademy.ketrzyn.pl\/index.php\/wp-json\/wp\/v2\/pages\/332\/revisions\/494"}],"wp:attachment":[{"href":"https:\/\/englishacademy.ketrzyn.pl\/index.php\/wp-json\/wp\/v2\/media?parent=332"}],"curies":[{"name":"wp","href":"https:\/\/api.w.org\/{rel}","templated":true}]}}