{"id":34,"date":"2023-05-20T18:45:35","date_gmt":"2023-05-20T16:45:35","guid":{"rendered":"http:\/\/englishacademy.ketrzyn.pl\/?page_id=34"},"modified":"2023-05-20T18:45:35","modified_gmt":"2023-05-20T16:45:35","slug":"wspolpraca","status":"publish","type":"page","link":"https:\/\/englishacademy.ketrzyn.pl\/index.php\/wspolpraca\/","title":{"rendered":"Wsp\u00f3\u0142praca"},"content":{"rendered":"\n<p class=\"has-vivid-red-color has-text-color\">Jeste\u015b w\u0142a\u015bcicielem przedszkola na terenie K\u0119trzyna lub okolic?<\/p>\n\n\n\n<p>Je\u017celi zale\u017cy Ci na jako\u015bci nauczania j\u0119zyka angielskiego w Twoim przedszkolu, ch\u0119tnie podejmiemy wsp\u00f3\u0142prac\u0119 i wdro\u017cymy w Twojej plac\u00f3wce niebanaln\u0105, skuteczn\u0105 i wiarygodn\u0105 metod\u0119 Teddy Eddie. Dzieci pokochaj\u0105 angielski.<\/p>\n\n\n\n<p>Skontaktuj si\u0119 z nami.<\/p>\n\n\n\n<p><strong>Tel. +48\u00a0531\u00a0488 600<\/strong><\/p>\n","protected":false},"excerpt":{"rendered":"<p>Jeste\u015b w\u0142a\u015bcicielem przedszkola na terenie K\u0119trzyna lub okolic? Je\u017celi zale\u017cy Ci na jako\u015bci nauczania j\u0119zyka angielskiego w Twoim przedszkolu, ch\u0119tnie podejmiemy wsp\u00f3\u0142prac\u0119 i wdro\u017cymy w Twojej plac\u00f3wce niebanaln\u0105, skuteczn\u0105 i wiarygodn\u0105 metod\u0119 Teddy Eddie. Dzieci pokochaj\u0105 angielski. Skontaktuj si\u0119 z nami. Tel. +48\u00a0531\u00a0488 600<\/p>\n","protected":false},"author":1,"featured_media":0,"parent":0,"menu_order":0,"comment_status":"closed","ping_status":"closed","template":"","meta":{"footnotes":""},"class_list":{"0":"post-34","1":"page","2":"type-page","3":"status-publish","5":"entry"},"_links":{"self":[{"href":"https:\/\/englishacademy.ketrzyn.pl\/index.php\/wp-json\/wp\/v2\/pages\/34","targetHints":{"allow":["GET"]}}],"collection":[{"href":"https:\/\/englishacademy.ketrzyn.pl\/index.php\/wp-json\/wp\/v2\/pages"}],"about":[{"href":"https:\/\/englishacademy.ketrzyn.pl\/index.php\/wp-json\/wp\/v2\/types\/page"}],"author":[{"embeddable":true,"href":"https:\/\/englishacademy.ketrzyn.pl\/index.php\/wp-json\/wp\/v2\/users\/1"}],"replies":[{"embeddable":true,"href":"https:\/\/englishacademy.ketrzyn.pl\/index.php\/wp-json\/wp\/v2\/comments?post=34"}],"version-history":[{"count":1,"href":"https:\/\/englishacademy.ketrzyn.pl\/index.php\/wp-json\/wp\/v2\/pages\/34\/revisions"}],"predecessor-version":[{"id":35,"href":"https:\/\/englishacademy.ketrzyn.pl\/index.php\/wp-json\/wp\/v2\/pages\/34\/revisions\/35"}],"wp:attachment":[{"href":"https:\/\/englishacademy.ketrzyn.pl\/index.php\/wp-json\/wp\/v2\/media?parent=34"}],"curies":[{"name":"wp","href":"https:\/\/api.w.org\/{rel}","templated":true}]}}