{"id":631,"date":"2026-04-13T09:15:16","date_gmt":"2026-04-13T07:15:16","guid":{"rendered":"http:\/\/englishacademy.ketrzyn.pl\/?page_id=631"},"modified":"2026-04-17T20:30:34","modified_gmt":"2026-04-17T18:30:34","slug":"regulaminy-akcji-promocyjnych-dla-klientow-i-kursantow-szkoly","status":"publish","type":"page","link":"https:\/\/englishacademy.ketrzyn.pl\/index.php\/regulaminy-akcji-promocyjnych-dla-klientow-i-kursantow-szkoly\/","title":{"rendered":"Regulaminy Akcji Promocyjnych dla Klient\u00f3w i Kursant\u00f3w Szko\u0142y"},"content":{"rendered":"\n<div data-wp-interactive=\"core\/file\" class=\"wp-block-file\"><object data-wp-bind--hidden=\"!state.hasPdfPreview\" hidden class=\"wp-block-file__embed\" data=\"http:\/\/englishacademy.ketrzyn.pl\/wp-content\/uploads\/2026\/04\/Regulamin-Akcji-Promocyjnej-BRING-A-FRIEND-2.pdf\" type=\"application\/pdf\" style=\"width:100%;height:600px\" aria-label=\"Osadzone z Regulamin Akcji Promocyjnej BRING A FRIEND.\"><\/object><a id=\"wp-block-file--media-8f1d7b49-7336-497b-99c1-215bb0e0474b\" href=\"http:\/\/englishacademy.ketrzyn.pl\/wp-content\/uploads\/2026\/04\/Regulamin-Akcji-Promocyjnej-BRING-A-FRIEND-2.pdf\">Regulamin Akcji Promocyjnej BRING A FRIEND<\/a><a href=\"http:\/\/englishacademy.ketrzyn.pl\/wp-content\/uploads\/2026\/04\/Regulamin-Akcji-Promocyjnej-BRING-A-FRIEND-2.pdf\" class=\"wp-block-file__button wp-element-button\" download aria-describedby=\"wp-block-file--media-8f1d7b49-7336-497b-99c1-215bb0e0474b\">Pobierz<\/a><\/div>\n\n\n\n<div data-wp-interactive=\"core\/file\" class=\"wp-block-file\"><object data-wp-bind--hidden=\"!state.hasPdfPreview\" hidden class=\"wp-block-file__embed\" data=\"http:\/\/englishacademy.ketrzyn.pl\/wp-content\/uploads\/2026\/04\/Regulamin-Akcji-Promocyjnej-EARLY-BIRD-1.pdf\" type=\"application\/pdf\" style=\"width:100%;height:600px\" aria-label=\"Osadzone z Regulamin Akcji Promocyjnej EARLY BIRD.\"><\/object><a id=\"wp-block-file--media-a3c412a7-dc52-4233-b023-d5ed98983463\" href=\"http:\/\/englishacademy.ketrzyn.pl\/wp-content\/uploads\/2026\/04\/Regulamin-Akcji-Promocyjnej-EARLY-BIRD-1.pdf\">Regulamin Akcji Promocyjnej EARLY BIRD<\/a><a href=\"http:\/\/englishacademy.ketrzyn.pl\/wp-content\/uploads\/2026\/04\/Regulamin-Akcji-Promocyjnej-EARLY-BIRD-1.pdf\" class=\"wp-block-file__button wp-element-button\" download aria-describedby=\"wp-block-file--media-a3c412a7-dc52-4233-b023-d5ed98983463\">Pobierz<\/a><\/div>\n\n\n\n<div data-wp-interactive=\"core\/file\" class=\"wp-block-file\"><object data-wp-bind--hidden=\"!state.hasPdfPreview\" hidden class=\"wp-block-file__embed\" data=\"http:\/\/englishacademy.ketrzyn.pl\/wp-content\/uploads\/2026\/04\/Regulamin-Akcji-Promocyjnej-SMART-FAMILY-3.pdf\" type=\"application\/pdf\" style=\"width:100%;height:600px\" aria-label=\"Osadzone z Regulamin Akcji Promocyjnej SMART FAMILY.\"><\/object><a id=\"wp-block-file--media-68f3fd96-2592-43ee-bdac-11ee4aa6f065\" href=\"http:\/\/englishacademy.ketrzyn.pl\/wp-content\/uploads\/2026\/04\/Regulamin-Akcji-Promocyjnej-SMART-FAMILY-3.pdf\">Regulamin Akcji Promocyjnej SMART FAMILY<\/a><a href=\"http:\/\/englishacademy.ketrzyn.pl\/wp-content\/uploads\/2026\/04\/Regulamin-Akcji-Promocyjnej-SMART-FAMILY-3.pdf\" class=\"wp-block-file__button wp-element-button\" download aria-describedby=\"wp-block-file--media-68f3fd96-2592-43ee-bdac-11ee4aa6f065\">Pobierz<\/a><\/div>\n","protected":false},"excerpt":{"rendered":"","protected":false},"author":1,"featured_media":0,"parent":0,"menu_order":0,"comment_status":"closed","ping_status":"closed","template":"","meta":{"footnotes":""},"class_list":{"0":"post-631","1":"page","2":"type-page","3":"status-publish","5":"entry"},"_links":{"self":[{"href":"https:\/\/englishacademy.ketrzyn.pl\/index.php\/wp-json\/wp\/v2\/pages\/631","targetHints":{"allow":["GET"]}}],"collection":[{"href":"https:\/\/englishacademy.ketrzyn.pl\/index.php\/wp-json\/wp\/v2\/pages"}],"about":[{"href":"https:\/\/englishacademy.ketrzyn.pl\/index.php\/wp-json\/wp\/v2\/types\/page"}],"author":[{"embeddable":true,"href":"https:\/\/englishacademy.ketrzyn.pl\/index.php\/wp-json\/wp\/v2\/users\/1"}],"replies":[{"embeddable":true,"href":"https:\/\/englishacademy.ketrzyn.pl\/index.php\/wp-json\/wp\/v2\/comments?post=631"}],"version-history":[{"count":6,"href":"https:\/\/englishacademy.ketrzyn.pl\/index.php\/wp-json\/wp\/v2\/pages\/631\/revisions"}],"predecessor-version":[{"id":660,"href":"https:\/\/englishacademy.ketrzyn.pl\/index.php\/wp-json\/wp\/v2\/pages\/631\/revisions\/660"}],"wp:attachment":[{"href":"https:\/\/englishacademy.ketrzyn.pl\/index.php\/wp-json\/wp\/v2\/media?parent=631"}],"curies":[{"name":"wp","href":"https:\/\/api.w.org\/{rel}","templated":true}]}}